{"id":42,"date":"2023-08-08T16:56:50","date_gmt":"2023-08-08T16:56:50","guid":{"rendered":"https:\/\/defiscalisant.com\/?page_id=42"},"modified":"2023-10-02T15:10:30","modified_gmt":"2023-10-02T15:10:30","slug":"konfidenczialnost","status":"publish","type":"page","link":"https:\/\/socalherpassn.com\/pl\/konfidenczialnost\/","title":{"rendered":"Prywatno\u015b\u0107"},"content":{"rendered":"<p>W socalherpassn.com cenimy Twoj\u0105 prywatno\u015b\u0107 i zobowi\u0105zujemy si\u0119 do ochrony Twoich danych osobowych. Niniejsza Polityka prywatno\u015bci ma na celu pom\u00f3c Ci zrozumie\u0107, w jaki spos\u00f3b gromadzimy, wykorzystujemy, ujawniamy i zabezpieczamy Twoje dane podczas odwiedzania naszej witryny internetowej. Wchodz\u0105c na stron\u0119 socalherpassn.com lub korzystaj\u0105c z niej, wyra\u017casz zgod\u0119 na praktyki opisane w niniejszej Polityce prywatno\u015bci.<\/p>\n<p>&nbsp;<\/p>\n<p>1. <strong>Stowarzyszenie z Southern California Herpetology Association &amp; Rescue (SCHAR)<\/strong><\/p>\n<p>Socalherpassn.com pragnie wyja\u015bni\u0107, \u017ce chocia\u017c mo\u017cemy wsp\u00f3\u0142pracowa\u0107 z Southern California Herpetology Association &amp; Rescue (SCHAR) poprzez tre\u015bci, wiadomo\u015bci lub zasoby zwi\u0105zane z herpetologi\u0105 i ochron\u0105 gad\u00f3w, nie jeste\u015bmy powi\u0105zani z SCHAR ani nie reprezentujemy ich w jak\u0105kolwiek oficjaln\u0105 funkcj\u0119. Naszym celem jest zapewnienie platformy udost\u0119pniaj\u0105cej informacje na r\u00f3\u017cne tematy, w tym mi\u0119dzy innymi czaty wideo, transmisj\u0119 strumieniow\u0105 dla doros\u0142ych i inne powi\u0105zane tematy.<\/p>\n<p><strong>2. Gromadzenie informacji<\/strong><\/p>\n<p>Gromadzimy informacje, kt\u00f3re przekazujesz nam bezpo\u015brednio podczas korzystania z naszej witryny. Mo\u017ce to obejmowa\u0107 takie informacje, jak imi\u0119 i nazwisko, adres e-mail i wszelkie inne informacje, kt\u00f3re zdecydujesz si\u0119 poda\u0107 podczas interakcji z nasz\u0105 witryn\u0105.<\/p>\n<p><strong>3. Wykorzystanie informacji<\/strong><\/p>\n<p>Mo\u017cemy wykorzystywa\u0107 gromadzone przez nas informacje do r\u00f3\u017cnych cel\u00f3w, w tym mi\u0119dzy innymi:<\/p>\n<ul>\n<li>Udost\u0119pnianie, utrzymywanie i ulepszanie naszej witryny internetowej i us\u0142ug.<\/li>\n<li>Wysy\u0142anie Ci aktualizacji, biuletyn\u00f3w i innych komunikat\u00f3w.<\/li>\n<li>Odpowiadanie na Twoje pro\u015bby, komentarze i pytania.<\/li>\n<li>Monitorowanie i analizowanie wzorc\u00f3w i trend\u00f3w u\u017cytkowania.<\/li>\n<\/ul>\n<p><strong>4. Ujawnianie informacji<\/strong><\/p>\n<p>Nie sprzedajemy ani nie wynajmujemy Twoich danych osobowych osobom trzecim. Mo\u017cemy jednak udost\u0119pni\u0107 Twoje dane w nast\u0119puj\u0105cych okoliczno\u015bciach:<\/p>\n<ul>\n<li>Za Twoj\u0105 zgod\u0105.<\/li>\n<li>Gdy jest to wymagane przez prawo lub w celu ochrony naszych praw, prywatno\u015bci, bezpiecze\u0144stwa lub w\u0142asno\u015bci.<\/li>\n<li>W zwi\u0105zku ze sprzeda\u017c\u0105, fuzj\u0105 lub przej\u0119ciem ca\u0142o\u015bci lub cz\u0119\u015bci naszej witryny internetowej.<\/li>\n<\/ul>\n<p><strong>5. Prawa do Tre\u015bci Serwisu<\/strong><\/p>\n<p>Ca\u0142a zawarto\u015b\u0107 witryny socalherpassn.com jest chroniona prawem autorskim i prawem w\u0142asno\u015bci intelektualnej. O ile nie okre\u015blono inaczej, ca\u0142a zawarto\u015b\u0107 jest w\u0142asno\u015bci\u0105 socalherpassn.com lub jej tw\u00f3rc\u00f3w tre\u015bci. Nie mo\u017cesz reprodukowa\u0107, rozpowszechnia\u0107 ani modyfikowa\u0107 \u017cadnych tre\u015bci z naszej witryny bez uprzedniej pisemnej zgody.<\/p>\n<p><strong>6. \u017badnych roszcze\u0144 wobec tw\u00f3rc\u00f3w tre\u015bci<\/strong><\/p>\n<p>Chocia\u017c staramy si\u0119 dostarcza\u0107 dok\u0142adne i wiarygodne tre\u015bci, pogl\u0105dy i opinie wyra\u017cone na blogach, artyku\u0142ach informacyjnych i innych formach tre\u015bci generowanych przez u\u017cytkownik\u00f3w na naszej stronie internetowej s\u0105 pogl\u0105dami odpowiednich autor\u00f3w. Socalherpassn.com nie popiera ani nie zg\u0142asza \u017cadnych roszcze\u0144 dotycz\u0105cych dok\u0142adno\u015bci lub przydatno\u015bci takich tre\u015bci. Je\u015bli masz w\u0105tpliwo\u015bci dotycz\u0105ce okre\u015blonej tre\u015bci, skontaktuj si\u0119 bezpo\u015brednio z tw\u00f3rc\u0105 tre\u015bci.<\/p>\n<p><strong>7. Zmiany w Polityce Prywatno\u015bci<\/strong><\/p>\n<p>Zastrzegamy sobie prawo do aktualizacji lub modyfikacji niniejszej Polityki prywatno\u015bci w dowolnym momencie. Wszelkie zmiany zaczn\u0105 obowi\u0105zywa\u0107 natychmiast po opublikowaniu zmienionej Polityki prywatno\u015bci na naszej stronie internetowej.<\/p>\n<p><strong>8. Skontaktuj si\u0119 z nami<\/strong><\/p>\n<p>Je\u015bli masz jakiekolwiek pytania, w\u0105tpliwo\u015bci lub pro\u015bby dotycz\u0105ce niniejszej Polityki prywatno\u015bci lub Twoich danych osobowych, skontaktuj si\u0119 z nami.<\/p>\n<p>&nbsp;<\/p>\n<p>Dzi\u0119kujemy za odwiedzenie strony socalherpassn.com. Doceniamy Twoje zaufanie i dok\u0142adamy wszelkich stara\u0144, aby chroni\u0107 Twoj\u0105 prywatno\u015b\u0107 i dostarcza\u0107 Ci warto\u015bciowe tre\u015bci.<\/p>","protected":false},"excerpt":{"rendered":"<p>At socalherpassn.com, we value your privacy and are committed to protecting your personal information. This&#8230;<\/p>","protected":false},"author":1,"featured_media":0,"parent":0,"menu_order":0,"comment_status":"closed","ping_status":"closed","template":"","meta":{"footnotes":""},"class_list":["post-42","page","type-page","status-publish","hentry"],"yoast_head":"<!-- This site is optimized with the Yoast SEO plugin v20.13 - https:\/\/yoast.com\/wordpress\/plugins\/seo\/ -->\n<title>Privacy - socalherpassn<\/title>\n<meta name=\"robots\" content=\"index, follow, max-snippet:-1, max-image-preview:large, max-video-preview:-1\" \/>\n<link rel=\"canonical\" href=\"https:\/\/socalherpassn.com\/pl\/konfidenczialnost\/\" \/>\n<meta property=\"og:locale\" content=\"pl_PL\" \/>\n<meta property=\"og:type\" content=\"article\" \/>\n<meta property=\"og:title\" content=\"Privacy - socalherpassn\" \/>\n<meta property=\"og:description\" content=\"At socalherpassn.com, we value your privacy and are committed to protecting your personal information. This...\" \/>\n<meta property=\"og:url\" content=\"https:\/\/socalherpassn.com\/pl\/konfidenczialnost\/\" \/>\n<meta property=\"og:site_name\" content=\"socalherpassn\" \/>\n<meta property=\"article:modified_time\" content=\"2023-10-02T15:10:30+00:00\" \/>\n<meta name=\"twitter:card\" content=\"summary_large_image\" \/>\n<meta name=\"twitter:label1\" content=\"Szacowany czas czytania\" \/>\n\t<meta name=\"twitter:data1\" content=\"3 minuty\" \/>\n<script type=\"application\/ld+json\" class=\"yoast-schema-graph\">{\"@context\":\"https:\/\/schema.org\",\"@graph\":[{\"@type\":\"WebPage\",\"@id\":\"https:\/\/socalherpassn.com\/konfidenczialnost\/\",\"url\":\"https:\/\/socalherpassn.com\/konfidenczialnost\/\",\"name\":\"Privacy - socalherpassn\",\"isPartOf\":{\"@id\":\"https:\/\/socalherpassn.com\/#website\"},\"datePublished\":\"2023-08-08T16:56:50+00:00\",\"dateModified\":\"2023-10-02T15:10:30+00:00\",\"breadcrumb\":{\"@id\":\"https:\/\/socalherpassn.com\/konfidenczialnost\/#breadcrumb\"},\"inLanguage\":\"pl-PL\",\"potentialAction\":[{\"@type\":\"ReadAction\",\"target\":[\"https:\/\/socalherpassn.com\/konfidenczialnost\/\"]}]},{\"@type\":\"BreadcrumbList\",\"@id\":\"https:\/\/socalherpassn.com\/konfidenczialnost\/#breadcrumb\",\"itemListElement\":[{\"@type\":\"ListItem\",\"position\":1,\"name\":\"\u0413\u043b\u0430\u0432\u043d\u0430\u044f \u0441\u0442\u0440\u0430\u043d\u0438\u0446\u0430\",\"item\":\"https:\/\/socalherpassn.com\/\"},{\"@type\":\"ListItem\",\"position\":2,\"name\":\"Privacy\"}]},{\"@type\":\"WebSite\",\"@id\":\"https:\/\/socalherpassn.com\/#website\",\"url\":\"https:\/\/socalherpassn.com\/\",\"name\":\"socalherpassn\",\"description\":\"socalherpassn\",\"publisher\":{\"@id\":\"https:\/\/socalherpassn.com\/#organization\"},\"potentialAction\":[{\"@type\":\"SearchAction\",\"target\":{\"@type\":\"EntryPoint\",\"urlTemplate\":\"https:\/\/socalherpassn.com\/?s={search_term_string}\"},\"query-input\":\"required name=search_term_string\"}],\"inLanguage\":\"pl-PL\"},{\"@type\":\"Organization\",\"@id\":\"https:\/\/socalherpassn.com\/#organization\",\"name\":\"socalherpassn\",\"url\":\"https:\/\/socalherpassn.com\/\",\"logo\":{\"@type\":\"ImageObject\",\"inLanguage\":\"pl-PL\",\"@id\":\"https:\/\/socalherpassn.com\/#\/schema\/logo\/image\/\",\"url\":\"https:\/\/socalherpassn.com\/wp-content\/uploads\/2023\/08\/logo-1.png\",\"contentUrl\":\"https:\/\/socalherpassn.com\/wp-content\/uploads\/2023\/08\/logo-1.png\",\"width\":220,\"height\":32,\"caption\":\"socalherpassn\"},\"image\":{\"@id\":\"https:\/\/socalherpassn.com\/#\/schema\/logo\/image\/\"}}]}<\/script>\n<!-- \/ Yoast SEO plugin. -->","yoast_head_json":{"title":"Privacy - socalherpassn","robots":{"index":"index","follow":"follow","max-snippet":"max-snippet:-1","max-image-preview":"max-image-preview:large","max-video-preview":"max-video-preview:-1"},"canonical":"https:\/\/socalherpassn.com\/pl\/konfidenczialnost\/","og_locale":"pl_PL","og_type":"article","og_title":"Privacy - socalherpassn","og_description":"At socalherpassn.com, we value your privacy and are committed to protecting your personal information. This...","og_url":"https:\/\/socalherpassn.com\/pl\/konfidenczialnost\/","og_site_name":"socalherpassn","article_modified_time":"2023-10-02T15:10:30+00:00","twitter_card":"summary_large_image","twitter_misc":{"Szacowany czas czytania":"3 minuty"},"schema":{"@context":"https:\/\/schema.org","@graph":[{"@type":"WebPage","@id":"https:\/\/socalherpassn.com\/konfidenczialnost\/","url":"https:\/\/socalherpassn.com\/konfidenczialnost\/","name":"Privacy - socalherpassn","isPartOf":{"@id":"https:\/\/socalherpassn.com\/#website"},"datePublished":"2023-08-08T16:56:50+00:00","dateModified":"2023-10-02T15:10:30+00:00","breadcrumb":{"@id":"https:\/\/socalherpassn.com\/konfidenczialnost\/#breadcrumb"},"inLanguage":"pl-PL","potentialAction":[{"@type":"ReadAction","target":["https:\/\/socalherpassn.com\/konfidenczialnost\/"]}]},{"@type":"BreadcrumbList","@id":"https:\/\/socalherpassn.com\/konfidenczialnost\/#breadcrumb","itemListElement":[{"@type":"ListItem","position":1,"name":"\u0413\u043b\u0430\u0432\u043d\u0430\u044f \u0441\u0442\u0440\u0430\u043d\u0438\u0446\u0430","item":"https:\/\/socalherpassn.com\/"},{"@type":"ListItem","position":2,"name":"Privacy"}]},{"@type":"WebSite","@id":"https:\/\/socalherpassn.com\/#website","url":"https:\/\/socalherpassn.com\/","name":"socalherpassn","description":"socalherpassn","publisher":{"@id":"https:\/\/socalherpassn.com\/#organization"},"potentialAction":[{"@type":"SearchAction","target":{"@type":"EntryPoint","urlTemplate":"https:\/\/socalherpassn.com\/?s={search_term_string}"},"query-input":"required name=search_term_string"}],"inLanguage":"pl-PL"},{"@type":"Organization","@id":"https:\/\/socalherpassn.com\/#organization","name":"socalherpassn","url":"https:\/\/socalherpassn.com\/","logo":{"@type":"ImageObject","inLanguage":"pl-PL","@id":"https:\/\/socalherpassn.com\/#\/schema\/logo\/image\/","url":"https:\/\/socalherpassn.com\/wp-content\/uploads\/2023\/08\/logo-1.png","contentUrl":"https:\/\/socalherpassn.com\/wp-content\/uploads\/2023\/08\/logo-1.png","width":220,"height":32,"caption":"socalherpassn"},"image":{"@id":"https:\/\/socalherpassn.com\/#\/schema\/logo\/image\/"}}]}},"_links":{"self":[{"href":"https:\/\/socalherpassn.com\/pl\/wp-json\/wp\/v2\/pages\/42","targetHints":{"allow":["GET"]}}],"collection":[{"href":"https:\/\/socalherpassn.com\/pl\/wp-json\/wp\/v2\/pages"}],"about":[{"href":"https:\/\/socalherpassn.com\/pl\/wp-json\/wp\/v2\/types\/page"}],"author":[{"embeddable":true,"href":"https:\/\/socalherpassn.com\/pl\/wp-json\/wp\/v2\/users\/1"}],"replies":[{"embeddable":true,"href":"https:\/\/socalherpassn.com\/pl\/wp-json\/wp\/v2\/comments?post=42"}],"version-history":[{"count":3,"href":"https:\/\/socalherpassn.com\/pl\/wp-json\/wp\/v2\/pages\/42\/revisions"}],"predecessor-version":[{"id":203,"href":"https:\/\/socalherpassn.com\/pl\/wp-json\/wp\/v2\/pages\/42\/revisions\/203"}],"wp:attachment":[{"href":"https:\/\/socalherpassn.com\/pl\/wp-json\/wp\/v2\/media?parent=42"}],"curies":[{"name":"wp","href":"https:\/\/api.w.org\/{rel}","templated":true}]}}