{"id":42,"date":"2023-08-08T16:56:50","date_gmt":"2023-08-08T16:56:50","guid":{"rendered":"https:\/\/defiscalisant.com\/?page_id=42"},"modified":"2023-10-02T15:10:30","modified_gmt":"2023-10-02T15:10:30","slug":"konfidenczialnost","status":"publish","type":"page","link":"https:\/\/socalherpassn.com\/it\/konfidenczialnost\/","title":{"rendered":"Privacy"},"content":{"rendered":"<p>Su socalherpassn.com, diamo valore alla tua privacy e ci impegniamo a proteggere le tue informazioni personali. La presente Informativa sulla privacy \u00e8 progettata per aiutarti a comprendere come raccogliamo, utilizziamo, divulghiamo e proteggiamo le tue informazioni quando visiti il nostro sito web. Accedendo o utilizzando socalherpassn.com, acconsenti alle pratiche descritte nella presente Informativa sulla privacy.<\/p>\n<p>&nbsp;<\/p>\n<p>1. <strong>Associazione con la Southern California Herpetology Association &amp; Rescue (SCHAR)<\/strong><\/p>\n<p>Socalherpassn.com desidera chiarire che, sebbene possiamo associarci alla Southern California Herpetology Association &amp; Rescue (SCHAR) attraverso contenuti, notizie o risorse relative all&#039;erpetologia e alla conservazione dei rettili, non siamo affiliati a SCHAR, n\u00e9 li rappresentiamo in qualsiasi veste ufficiale. Il nostro obiettivo \u00e8 fornire una piattaforma che condivida informazioni su vari argomenti, inclusi ma non limitati a chat video, streaming per adulti e altri argomenti correlati.<\/p>\n<p><strong>2. Raccolta di informazioni<\/strong><\/p>\n<p>Raccogliamo le informazioni che ci fornisci direttamente quando utilizzi il nostro sito web. Ci\u00f2 pu\u00f2 includere informazioni come nome, indirizzo email e qualsiasi altra informazione che scegli di fornire quando interagisci con il nostro sito.<\/p>\n<p><strong>3. Utilizzo delle informazioni<\/strong><\/p>\n<p>Possiamo utilizzare le informazioni che raccogliamo per vari scopi, inclusi ma non limitati a:<\/p>\n<ul>\n<li>Fornire, mantenere e migliorare il nostro sito Web e i nostri servizi.<\/li>\n<li>Invio di aggiornamenti, newsletter o altre comunicazioni.<\/li>\n<li>Rispondere alle vostre richieste, commenti o domande.<\/li>\n<li>Monitoraggio e analisi di modelli e tendenze di utilizzo.<\/li>\n<\/ul>\n<p><strong>4. Divulgazione di informazioni<\/strong><\/p>\n<p>Non vendiamo n\u00e9 affittiamo le tue informazioni personali a terzi. Tuttavia, potremmo condividere le tue informazioni nelle seguenti circostanze:<\/p>\n<ul>\n<li>Con il tuo consenso.<\/li>\n<li>Quando richiesto dalla legge o per proteggere i nostri diritti, privacy, sicurezza o propriet\u00e0.<\/li>\n<li>In relazione alla vendita, fusione o acquisizione di tutto o parte del nostro sito web.<\/li>\n<\/ul>\n<p><strong>5. Diritti sui contenuti del sito web<\/strong><\/p>\n<p>Tutti i contenuti di socalherpassn.com sono protetti dalle leggi sul copyright e sulla propriet\u00e0 intellettuale. Se non diversamente specificato, tutti i contenuti sono di propriet\u00e0 di socalherpassn.com o dei suoi creatori di contenuti. Non \u00e8 possibile riprodurre, distribuire o modificare alcun contenuto del nostro sito Web senza previo consenso scritto.<\/p>\n<p><strong>6. Nessun reclamo contro i creatori di contenuti<\/strong><\/p>\n<p>Sebbene ci impegniamo a fornire contenuti accurati e affidabili, i punti di vista e le opinioni espressi in blog, articoli di notizie e altre forme di contenuto generato dagli utenti sul nostro sito Web sono quelli dei rispettivi autori. Socalherpassn.com non avalla n\u00e9 avanza alcuna pretesa in merito all&#039;accuratezza o all&#039;idoneit\u00e0 di tali contenuti. In caso di dubbi su contenuti specifici, contattare direttamente l&#039;autore del contenuto.<\/p>\n<p><strong>7. Modifiche all&#039;Informativa sulla privacy<\/strong><\/p>\n<p>Ci riserviamo il diritto di aggiornare o modificare la presente Informativa sulla privacy in qualsiasi momento. Eventuali modifiche saranno effettive immediatamente dopo la pubblicazione dell&#039;Informativa sulla privacy rivista sul nostro sito web.<\/p>\n<p><strong>8. Contattaci<\/strong><\/p>\n<p>Se hai domande, dubbi o richieste riguardanti la presente Informativa sulla privacy o le tue informazioni personali, ti preghiamo di contattarci.<\/p>\n<p>&nbsp;<\/p>\n<p>Grazie per aver visitato socalherpassn.com. Apprezziamo la tua fiducia in noi e ci impegniamo a proteggere la tua privacy e a fornirti contenuti di valore.<\/p>","protected":false},"excerpt":{"rendered":"<p>At socalherpassn.com, we value your privacy and are committed to protecting your personal information. This&#8230;<\/p>","protected":false},"author":1,"featured_media":0,"parent":0,"menu_order":0,"comment_status":"closed","ping_status":"closed","template":"","meta":{"footnotes":""},"class_list":["post-42","page","type-page","status-publish","hentry"],"yoast_head":"<!-- This site is optimized with the Yoast SEO plugin v20.13 - https:\/\/yoast.com\/wordpress\/plugins\/seo\/ -->\n<title>Privacy - socalherpassn<\/title>\n<meta name=\"robots\" content=\"index, follow, max-snippet:-1, max-image-preview:large, max-video-preview:-1\" \/>\n<link rel=\"canonical\" href=\"https:\/\/socalherpassn.com\/it\/konfidenczialnost\/\" \/>\n<meta property=\"og:locale\" content=\"it_IT\" \/>\n<meta property=\"og:type\" content=\"article\" \/>\n<meta property=\"og:title\" content=\"Privacy - socalherpassn\" \/>\n<meta property=\"og:description\" content=\"At socalherpassn.com, we value your privacy and are committed to protecting your personal information. This...\" \/>\n<meta property=\"og:url\" content=\"https:\/\/socalherpassn.com\/it\/konfidenczialnost\/\" \/>\n<meta property=\"og:site_name\" content=\"socalherpassn\" \/>\n<meta property=\"article:modified_time\" content=\"2023-10-02T15:10:30+00:00\" \/>\n<meta name=\"twitter:card\" content=\"summary_large_image\" \/>\n<meta name=\"twitter:label1\" content=\"Tempo di lettura stimato\" \/>\n\t<meta name=\"twitter:data1\" content=\"3 minuti\" \/>\n<script type=\"application\/ld+json\" class=\"yoast-schema-graph\">{\"@context\":\"https:\/\/schema.org\",\"@graph\":[{\"@type\":\"WebPage\",\"@id\":\"https:\/\/socalherpassn.com\/konfidenczialnost\/\",\"url\":\"https:\/\/socalherpassn.com\/konfidenczialnost\/\",\"name\":\"Privacy - socalherpassn\",\"isPartOf\":{\"@id\":\"https:\/\/socalherpassn.com\/#website\"},\"datePublished\":\"2023-08-08T16:56:50+00:00\",\"dateModified\":\"2023-10-02T15:10:30+00:00\",\"breadcrumb\":{\"@id\":\"https:\/\/socalherpassn.com\/konfidenczialnost\/#breadcrumb\"},\"inLanguage\":\"it-IT\",\"potentialAction\":[{\"@type\":\"ReadAction\",\"target\":[\"https:\/\/socalherpassn.com\/konfidenczialnost\/\"]}]},{\"@type\":\"BreadcrumbList\",\"@id\":\"https:\/\/socalherpassn.com\/konfidenczialnost\/#breadcrumb\",\"itemListElement\":[{\"@type\":\"ListItem\",\"position\":1,\"name\":\"\u0413\u043b\u0430\u0432\u043d\u0430\u044f \u0441\u0442\u0440\u0430\u043d\u0438\u0446\u0430\",\"item\":\"https:\/\/socalherpassn.com\/\"},{\"@type\":\"ListItem\",\"position\":2,\"name\":\"Privacy\"}]},{\"@type\":\"WebSite\",\"@id\":\"https:\/\/socalherpassn.com\/#website\",\"url\":\"https:\/\/socalherpassn.com\/\",\"name\":\"socalherpassn\",\"description\":\"socalherpassn\",\"publisher\":{\"@id\":\"https:\/\/socalherpassn.com\/#organization\"},\"potentialAction\":[{\"@type\":\"SearchAction\",\"target\":{\"@type\":\"EntryPoint\",\"urlTemplate\":\"https:\/\/socalherpassn.com\/?s={search_term_string}\"},\"query-input\":\"required name=search_term_string\"}],\"inLanguage\":\"it-IT\"},{\"@type\":\"Organization\",\"@id\":\"https:\/\/socalherpassn.com\/#organization\",\"name\":\"socalherpassn\",\"url\":\"https:\/\/socalherpassn.com\/\",\"logo\":{\"@type\":\"ImageObject\",\"inLanguage\":\"it-IT\",\"@id\":\"https:\/\/socalherpassn.com\/#\/schema\/logo\/image\/\",\"url\":\"https:\/\/socalherpassn.com\/wp-content\/uploads\/2023\/08\/logo-1.png\",\"contentUrl\":\"https:\/\/socalherpassn.com\/wp-content\/uploads\/2023\/08\/logo-1.png\",\"width\":220,\"height\":32,\"caption\":\"socalherpassn\"},\"image\":{\"@id\":\"https:\/\/socalherpassn.com\/#\/schema\/logo\/image\/\"}}]}<\/script>\n<!-- \/ Yoast SEO plugin. -->","yoast_head_json":{"title":"Privacy - socalherpassn","robots":{"index":"index","follow":"follow","max-snippet":"max-snippet:-1","max-image-preview":"max-image-preview:large","max-video-preview":"max-video-preview:-1"},"canonical":"https:\/\/socalherpassn.com\/it\/konfidenczialnost\/","og_locale":"it_IT","og_type":"article","og_title":"Privacy - socalherpassn","og_description":"At socalherpassn.com, we value your privacy and are committed to protecting your personal information. This...","og_url":"https:\/\/socalherpassn.com\/it\/konfidenczialnost\/","og_site_name":"socalherpassn","article_modified_time":"2023-10-02T15:10:30+00:00","twitter_card":"summary_large_image","twitter_misc":{"Tempo di lettura stimato":"3 minuti"},"schema":{"@context":"https:\/\/schema.org","@graph":[{"@type":"WebPage","@id":"https:\/\/socalherpassn.com\/konfidenczialnost\/","url":"https:\/\/socalherpassn.com\/konfidenczialnost\/","name":"Privacy - socalherpassn","isPartOf":{"@id":"https:\/\/socalherpassn.com\/#website"},"datePublished":"2023-08-08T16:56:50+00:00","dateModified":"2023-10-02T15:10:30+00:00","breadcrumb":{"@id":"https:\/\/socalherpassn.com\/konfidenczialnost\/#breadcrumb"},"inLanguage":"it-IT","potentialAction":[{"@type":"ReadAction","target":["https:\/\/socalherpassn.com\/konfidenczialnost\/"]}]},{"@type":"BreadcrumbList","@id":"https:\/\/socalherpassn.com\/konfidenczialnost\/#breadcrumb","itemListElement":[{"@type":"ListItem","position":1,"name":"\u0413\u043b\u0430\u0432\u043d\u0430\u044f \u0441\u0442\u0440\u0430\u043d\u0438\u0446\u0430","item":"https:\/\/socalherpassn.com\/"},{"@type":"ListItem","position":2,"name":"Privacy"}]},{"@type":"WebSite","@id":"https:\/\/socalherpassn.com\/#website","url":"https:\/\/socalherpassn.com\/","name":"socalherpassn","description":"socalherpassn","publisher":{"@id":"https:\/\/socalherpassn.com\/#organization"},"potentialAction":[{"@type":"SearchAction","target":{"@type":"EntryPoint","urlTemplate":"https:\/\/socalherpassn.com\/?s={search_term_string}"},"query-input":"required name=search_term_string"}],"inLanguage":"it-IT"},{"@type":"Organization","@id":"https:\/\/socalherpassn.com\/#organization","name":"socalherpassn","url":"https:\/\/socalherpassn.com\/","logo":{"@type":"ImageObject","inLanguage":"it-IT","@id":"https:\/\/socalherpassn.com\/#\/schema\/logo\/image\/","url":"https:\/\/socalherpassn.com\/wp-content\/uploads\/2023\/08\/logo-1.png","contentUrl":"https:\/\/socalherpassn.com\/wp-content\/uploads\/2023\/08\/logo-1.png","width":220,"height":32,"caption":"socalherpassn"},"image":{"@id":"https:\/\/socalherpassn.com\/#\/schema\/logo\/image\/"}}]}},"_links":{"self":[{"href":"https:\/\/socalherpassn.com\/it\/wp-json\/wp\/v2\/pages\/42","targetHints":{"allow":["GET"]}}],"collection":[{"href":"https:\/\/socalherpassn.com\/it\/wp-json\/wp\/v2\/pages"}],"about":[{"href":"https:\/\/socalherpassn.com\/it\/wp-json\/wp\/v2\/types\/page"}],"author":[{"embeddable":true,"href":"https:\/\/socalherpassn.com\/it\/wp-json\/wp\/v2\/users\/1"}],"replies":[{"embeddable":true,"href":"https:\/\/socalherpassn.com\/it\/wp-json\/wp\/v2\/comments?post=42"}],"version-history":[{"count":3,"href":"https:\/\/socalherpassn.com\/it\/wp-json\/wp\/v2\/pages\/42\/revisions"}],"predecessor-version":[{"id":203,"href":"https:\/\/socalherpassn.com\/it\/wp-json\/wp\/v2\/pages\/42\/revisions\/203"}],"wp:attachment":[{"href":"https:\/\/socalherpassn.com\/it\/wp-json\/wp\/v2\/media?parent=42"}],"curies":[{"name":"wp","href":"https:\/\/api.w.org\/{rel}","templated":true}]}}