{"id":42,"date":"2023-08-08T16:56:50","date_gmt":"2023-08-08T16:56:50","guid":{"rendered":"https:\/\/defiscalisant.com\/?page_id=42"},"modified":"2023-10-02T15:10:30","modified_gmt":"2023-10-02T15:10:30","slug":"konfidenczialnost","status":"publish","type":"page","link":"https:\/\/socalherpassn.com\/es\/confianza\/","title":{"rendered":"Privacidad"},"content":{"rendered":"<p>En socalherpassn.com, valoramos su privacidad y estamos comprometidos a proteger su informaci\u00f3n personal. Esta Pol\u00edtica de Privacidad est\u00e1 dise\u00f1ada para ayudarlo a comprender c\u00f3mo recopilamos, usamos, divulgamos y salvaguardamos su informaci\u00f3n cuando visita nuestro sitio web. Al acceder o utilizar socalherpassn.com, usted acepta las pr\u00e1cticas descritas en esta Pol\u00edtica de Privacidad.<\/p>\n<p>&nbsp;<\/p>\n<p>1. <strong>Asociaci\u00f3n con la Asociaci\u00f3n y Rescate de Herpetolog\u00eda del Sur de California (SCHAR)<\/strong><\/p>\n<p>Socalherpassn.com quisiera aclarar que si bien podemos asociarnos con la Asociaci\u00f3n y Rescate de Herpetolog\u00eda del Sur de California (SCHAR) a trav\u00e9s de contenido, noticias o recursos relacionados con la herpetolog\u00eda y la conservaci\u00f3n de reptiles, no estamos afiliados a SCHAR ni los representamos en cualquier cargo oficial. Nuestro objetivo es proporcionar una plataforma que comparta informaci\u00f3n sobre diversos temas, incluidos, entre otros, video chats, transmisi\u00f3n para adultos y otros temas relacionados.<\/p>\n<p><strong>2. Recopilaci\u00f3n de informaci\u00f3n<\/strong><\/p>\n<p>Recopilamos informaci\u00f3n que usted nos proporciona directamente cuando utiliza nuestro sitio web. Esto puede incluir informaci\u00f3n como su nombre, direcci\u00f3n de correo electr\u00f3nico y cualquier otra informaci\u00f3n que elija proporcionar al interactuar con nuestro sitio.<\/p>\n<p><strong>3. Uso de la informaci\u00f3n<\/strong><\/p>\n<p>Podemos utilizar la informaci\u00f3n que recopilamos para diversos fines, que incluyen, entre otros:<\/p>\n<ul>\n<li>Proporcionar, mantener y mejorar nuestro sitio web y nuestros servicios.<\/li>\n<li>Enviarle actualizaciones, boletines u otras comunicaciones.<\/li>\n<li>Respondiendo a sus solicitudes, comentarios o preguntas.<\/li>\n<li>Monitorear y analizar patrones y tendencias de uso.<\/li>\n<\/ul>\n<p><strong>4. Divulgaci\u00f3n de informaci\u00f3n<\/strong><\/p>\n<p>No vendemos ni alquilamos su informaci\u00f3n personal a terceros. Sin embargo, podemos compartir su informaci\u00f3n en las siguientes circunstancias:<\/p>\n<ul>\n<li>Con tu consentimiento.<\/li>\n<li>Cuando lo exija la ley o para proteger nuestros derechos, privacidad, seguridad o propiedad.<\/li>\n<li>En relaci\u00f3n con la venta, fusi\u00f3n o adquisici\u00f3n de todo o parte de nuestro sitio web.<\/li>\n<\/ul>\n<p><strong>5. Derechos sobre el contenido del sitio web<\/strong><\/p>\n<p>Todo el contenido de socalherpassn.com est\u00e1 protegido por leyes de derechos de autor y propiedad intelectual. A menos que se especifique lo contrario, todo el contenido es propiedad de socalherpassn.com o sus creadores de contenido. No puede reproducir, distribuir ni modificar ning\u00fan contenido de nuestro sitio web sin el consentimiento previo por escrito.<\/p>\n<p><strong>6. No hay reclamos contra los creadores de contenido<\/strong><\/p>\n<p>Si bien nos esforzamos por brindar contenido preciso y confiable, los puntos de vista y opiniones expresados en blogs, art\u00edculos de noticias y otras formas de contenido generado por el usuario en nuestro sitio web son los de sus respectivos autores. Socalherpassn.com no respalda ni realiza ninguna afirmaci\u00f3n con respecto a la exactitud o idoneidad de dicho contenido. Si tiene dudas sobre contenido espec\u00edfico, comun\u00edquese directamente con el creador del contenido.<\/p>\n<p><strong>7. Cambios a la Pol\u00edtica de Privacidad<\/strong><\/p>\n<p>Nos reservamos el derecho de actualizar o modificar esta Pol\u00edtica de Privacidad en cualquier momento. Cualquier cambio entrar\u00e1 en vigor inmediatamente despu\u00e9s de la publicaci\u00f3n de la Pol\u00edtica de Privacidad revisada en nuestro sitio web.<\/p>\n<p><strong>8. Cont\u00e1ctenos<\/strong><\/p>\n<p>Si tiene alguna pregunta, inquietud o solicitud con respecto a esta Pol\u00edtica de Privacidad o su informaci\u00f3n personal, comun\u00edquese con nosotros.<\/p>\n<p>&nbsp;<\/p>\n<p>Gracias por visitar socalherpassn.com. Apreciamos su confianza en nosotros y estamos dedicados a proteger su privacidad y brindarle contenido valioso.<\/p>","protected":false},"excerpt":{"rendered":"<p>At socalherpassn.com, we value your privacy and are committed to protecting your personal information. This&#8230;<\/p>","protected":false},"author":1,"featured_media":0,"parent":0,"menu_order":0,"comment_status":"closed","ping_status":"closed","template":"","meta":{"footnotes":""},"class_list":["post-42","page","type-page","status-publish","hentry"],"yoast_head":"<!-- This site is optimized with the Yoast SEO plugin v20.13 - https:\/\/yoast.com\/wordpress\/plugins\/seo\/ -->\n<title>Privacy - socalherpassn<\/title>\n<meta name=\"robots\" content=\"index, follow, max-snippet:-1, max-image-preview:large, max-video-preview:-1\" \/>\n<link rel=\"canonical\" href=\"https:\/\/socalherpassn.com\/es\/confianza\/\" \/>\n<meta property=\"og:locale\" content=\"es_ES\" \/>\n<meta property=\"og:type\" content=\"article\" \/>\n<meta property=\"og:title\" content=\"Privacy - socalherpassn\" \/>\n<meta property=\"og:description\" content=\"At socalherpassn.com, we value your privacy and are committed to protecting your personal information. This...\" \/>\n<meta property=\"og:url\" content=\"https:\/\/socalherpassn.com\/es\/confianza\/\" \/>\n<meta property=\"og:site_name\" content=\"socalherpassn\" \/>\n<meta property=\"article:modified_time\" content=\"2023-10-02T15:10:30+00:00\" \/>\n<meta name=\"twitter:card\" content=\"summary_large_image\" \/>\n<meta name=\"twitter:label1\" content=\"Tiempo de lectura\" \/>\n\t<meta name=\"twitter:data1\" content=\"3 minutos\" \/>\n<script type=\"application\/ld+json\" class=\"yoast-schema-graph\">{\"@context\":\"https:\/\/schema.org\",\"@graph\":[{\"@type\":\"WebPage\",\"@id\":\"https:\/\/socalherpassn.com\/konfidenczialnost\/\",\"url\":\"https:\/\/socalherpassn.com\/konfidenczialnost\/\",\"name\":\"Privacy - socalherpassn\",\"isPartOf\":{\"@id\":\"https:\/\/socalherpassn.com\/#website\"},\"datePublished\":\"2023-08-08T16:56:50+00:00\",\"dateModified\":\"2023-10-02T15:10:30+00:00\",\"breadcrumb\":{\"@id\":\"https:\/\/socalherpassn.com\/konfidenczialnost\/#breadcrumb\"},\"inLanguage\":\"es\",\"potentialAction\":[{\"@type\":\"ReadAction\",\"target\":[\"https:\/\/socalherpassn.com\/konfidenczialnost\/\"]}]},{\"@type\":\"BreadcrumbList\",\"@id\":\"https:\/\/socalherpassn.com\/konfidenczialnost\/#breadcrumb\",\"itemListElement\":[{\"@type\":\"ListItem\",\"position\":1,\"name\":\"\u0413\u043b\u0430\u0432\u043d\u0430\u044f \u0441\u0442\u0440\u0430\u043d\u0438\u0446\u0430\",\"item\":\"https:\/\/socalherpassn.com\/\"},{\"@type\":\"ListItem\",\"position\":2,\"name\":\"Privacy\"}]},{\"@type\":\"WebSite\",\"@id\":\"https:\/\/socalherpassn.com\/#website\",\"url\":\"https:\/\/socalherpassn.com\/\",\"name\":\"socalherpassn\",\"description\":\"socalherpassn\",\"publisher\":{\"@id\":\"https:\/\/socalherpassn.com\/#organization\"},\"potentialAction\":[{\"@type\":\"SearchAction\",\"target\":{\"@type\":\"EntryPoint\",\"urlTemplate\":\"https:\/\/socalherpassn.com\/?s={search_term_string}\"},\"query-input\":\"required name=search_term_string\"}],\"inLanguage\":\"es\"},{\"@type\":\"Organization\",\"@id\":\"https:\/\/socalherpassn.com\/#organization\",\"name\":\"socalherpassn\",\"url\":\"https:\/\/socalherpassn.com\/\",\"logo\":{\"@type\":\"ImageObject\",\"inLanguage\":\"es\",\"@id\":\"https:\/\/socalherpassn.com\/#\/schema\/logo\/image\/\",\"url\":\"https:\/\/socalherpassn.com\/wp-content\/uploads\/2023\/08\/logo-1.png\",\"contentUrl\":\"https:\/\/socalherpassn.com\/wp-content\/uploads\/2023\/08\/logo-1.png\",\"width\":220,\"height\":32,\"caption\":\"socalherpassn\"},\"image\":{\"@id\":\"https:\/\/socalherpassn.com\/#\/schema\/logo\/image\/\"}}]}<\/script>\n<!-- \/ Yoast SEO plugin. -->","yoast_head_json":{"title":"Privacy - socalherpassn","robots":{"index":"index","follow":"follow","max-snippet":"max-snippet:-1","max-image-preview":"max-image-preview:large","max-video-preview":"max-video-preview:-1"},"canonical":"https:\/\/socalherpassn.com\/es\/confianza\/","og_locale":"es_ES","og_type":"article","og_title":"Privacy - socalherpassn","og_description":"At socalherpassn.com, we value your privacy and are committed to protecting your personal information. This...","og_url":"https:\/\/socalherpassn.com\/es\/confianza\/","og_site_name":"socalherpassn","article_modified_time":"2023-10-02T15:10:30+00:00","twitter_card":"summary_large_image","twitter_misc":{"Tiempo de lectura":"3 minutos"},"schema":{"@context":"https:\/\/schema.org","@graph":[{"@type":"WebPage","@id":"https:\/\/socalherpassn.com\/konfidenczialnost\/","url":"https:\/\/socalherpassn.com\/konfidenczialnost\/","name":"Privacy - socalherpassn","isPartOf":{"@id":"https:\/\/socalherpassn.com\/#website"},"datePublished":"2023-08-08T16:56:50+00:00","dateModified":"2023-10-02T15:10:30+00:00","breadcrumb":{"@id":"https:\/\/socalherpassn.com\/konfidenczialnost\/#breadcrumb"},"inLanguage":"es","potentialAction":[{"@type":"ReadAction","target":["https:\/\/socalherpassn.com\/konfidenczialnost\/"]}]},{"@type":"BreadcrumbList","@id":"https:\/\/socalherpassn.com\/konfidenczialnost\/#breadcrumb","itemListElement":[{"@type":"ListItem","position":1,"name":"\u0413\u043b\u0430\u0432\u043d\u0430\u044f \u0441\u0442\u0440\u0430\u043d\u0438\u0446\u0430","item":"https:\/\/socalherpassn.com\/"},{"@type":"ListItem","position":2,"name":"Privacy"}]},{"@type":"WebSite","@id":"https:\/\/socalherpassn.com\/#website","url":"https:\/\/socalherpassn.com\/","name":"socalherpassn","description":"socalherpassn","publisher":{"@id":"https:\/\/socalherpassn.com\/#organization"},"potentialAction":[{"@type":"SearchAction","target":{"@type":"EntryPoint","urlTemplate":"https:\/\/socalherpassn.com\/?s={search_term_string}"},"query-input":"required name=search_term_string"}],"inLanguage":"es"},{"@type":"Organization","@id":"https:\/\/socalherpassn.com\/#organization","name":"socalherpassn","url":"https:\/\/socalherpassn.com\/","logo":{"@type":"ImageObject","inLanguage":"es","@id":"https:\/\/socalherpassn.com\/#\/schema\/logo\/image\/","url":"https:\/\/socalherpassn.com\/wp-content\/uploads\/2023\/08\/logo-1.png","contentUrl":"https:\/\/socalherpassn.com\/wp-content\/uploads\/2023\/08\/logo-1.png","width":220,"height":32,"caption":"socalherpassn"},"image":{"@id":"https:\/\/socalherpassn.com\/#\/schema\/logo\/image\/"}}]}},"_links":{"self":[{"href":"https:\/\/socalherpassn.com\/es\/wp-json\/wp\/v2\/pages\/42","targetHints":{"allow":["GET"]}}],"collection":[{"href":"https:\/\/socalherpassn.com\/es\/wp-json\/wp\/v2\/pages"}],"about":[{"href":"https:\/\/socalherpassn.com\/es\/wp-json\/wp\/v2\/types\/page"}],"author":[{"embeddable":true,"href":"https:\/\/socalherpassn.com\/es\/wp-json\/wp\/v2\/users\/1"}],"replies":[{"embeddable":true,"href":"https:\/\/socalherpassn.com\/es\/wp-json\/wp\/v2\/comments?post=42"}],"version-history":[{"count":3,"href":"https:\/\/socalherpassn.com\/es\/wp-json\/wp\/v2\/pages\/42\/revisions"}],"predecessor-version":[{"id":203,"href":"https:\/\/socalherpassn.com\/es\/wp-json\/wp\/v2\/pages\/42\/revisions\/203"}],"wp:attachment":[{"href":"https:\/\/socalherpassn.com\/es\/wp-json\/wp\/v2\/media?parent=42"}],"curies":[{"name":"wp","href":"https:\/\/api.w.org\/{rel}","templated":true}]}}