{"id":42,"date":"2023-08-08T16:56:50","date_gmt":"2023-08-08T16:56:50","guid":{"rendered":"https:\/\/defiscalisant.com\/?page_id=42"},"modified":"2023-10-02T15:10:30","modified_gmt":"2023-10-02T15:10:30","slug":"konfidenczialnost","status":"publish","type":"page","link":"https:\/\/socalherpassn.com\/de\/vertraulich\/","title":{"rendered":"Privatsph\u00e4re"},"content":{"rendered":"<p>Bei socalherpassn.com legen wir Wert auf Ihre Privatsph\u00e4re und verpflichten uns zum Schutz Ihrer pers\u00f6nlichen Daten. Diese Datenschutzrichtlinie soll Ihnen helfen zu verstehen, wie wir Ihre Daten sammeln, verwenden, offenlegen und sch\u00fctzen, wenn Sie unsere Website besuchen. Durch den Zugriff auf oder die Nutzung von socalherpassn.com stimmen Sie den in dieser Datenschutzrichtlinie beschriebenen Praktiken zu.<\/p>\n<p>&nbsp;<\/p>\n<p>1. <strong>Zusammenarbeit mit der Southern California Herpetology Association &amp; Rescue (SCHAR)<\/strong><\/p>\n<p>Socalherpassn.com m\u00f6chte klarstellen, dass wir zwar m\u00f6glicherweise \u00fcber Inhalte, Nachrichten oder Ressourcen im Zusammenhang mit Herpetologie und Reptilienschutz mit der Southern California Herpetology Association &amp; Rescue (SCHAR) in Verbindung stehen, wir jedoch weder mit SCHAR verbunden sind noch sie vertreten jede offizielle Funktion. Unser Ziel ist es, eine Plattform bereitzustellen, die Informationen zu verschiedenen Themen austauscht, einschlie\u00dflich, aber nicht beschr\u00e4nkt auf, Video-Chats, Streaming f\u00fcr Erwachsene und andere verwandte Themen.<\/p>\n<p><strong>2. Sammlung von Informationen<\/strong><\/p>\n<p>Wir erfassen Informationen, die Sie uns direkt mitteilen, wenn Sie unsere Website nutzen. Dazu k\u00f6nnen Informationen wie Ihr Name, Ihre E-Mail-Adresse und alle anderen Informationen geh\u00f6ren, die Sie bei der Interaktion mit unserer Website angeben.<\/p>\n<p><strong>3. Nutzung der Informationen<\/strong><\/p>\n<p>Wir k\u00f6nnen die von uns gesammelten Informationen f\u00fcr verschiedene Zwecke verwenden, einschlie\u00dflich, aber nicht beschr\u00e4nkt auf:<\/p>\n<ul>\n<li>Bereitstellung, Pflege und Verbesserung unserer Website und Dienste.<\/li>\n<li>Um Ihnen Updates, Newsletter oder andere Mitteilungen zu senden.<\/li>\n<li>Beantwortung Ihrer Anfragen, Kommentare oder Fragen.<\/li>\n<li>\u00dcberwachung und Analyse von Nutzungsmustern und -trends.<\/li>\n<\/ul>\n<p><strong>4. Offenlegung von Informationen<\/strong><\/p>\n<p>Wir verkaufen oder vermieten Ihre pers\u00f6nlichen Daten nicht an Dritte. Allerdings k\u00f6nnen wir Ihre Daten unter folgenden Umst\u00e4nden weitergeben:<\/p>\n<ul>\n<li>Mit Ihrer Zustimmung.<\/li>\n<li>Wenn es gesetzlich vorgeschrieben ist oder um unsere Rechte, Privatsph\u00e4re, Sicherheit oder unser Eigentum zu sch\u00fctzen.<\/li>\n<li>Im Zusammenhang mit dem Verkauf, der Fusion oder der \u00dcbernahme unserer gesamten Website oder eines Teils davon.<\/li>\n<\/ul>\n<p><strong>5. Rechte an Website-Inhalten<\/strong><\/p>\n<p>Alle Inhalte auf socalherpassn.com sind durch Urheberrechte und Gesetze zum Schutz des geistigen Eigentums gesch\u00fctzt. Sofern nicht anders angegeben, sind alle Inhalte Eigentum von socalherpassn.com oder seinen Inhaltserstellern. Ohne vorherige schriftliche Zustimmung d\u00fcrfen Sie keine Inhalte unserer Website vervielf\u00e4ltigen, verbreiten oder ver\u00e4ndern.<\/p>\n<p><strong>6. Keine Anspr\u00fcche gegen Inhaltsersteller<\/strong><\/p>\n<p>Obwohl wir bestrebt sind, genaue und zuverl\u00e4ssige Inhalte bereitzustellen, sind die in Blogs, Nachrichtenartikeln und anderen Formen von benutzergenerierten Inhalten auf unserer Website ge\u00e4u\u00dferten Ansichten und Meinungen die der jeweiligen Autoren. Socalherpassn.com bef\u00fcrwortet die Richtigkeit oder Eignung solcher Inhalte nicht und erhebt auch keinen Anspruch darauf. Wenn Sie Bedenken zu bestimmten Inhalten haben, wenden Sie sich bitte direkt an den Ersteller des Inhalts.<\/p>\n<p><strong>7. \u00c4nderungen der Datenschutzrichtlinie<\/strong><\/p>\n<p>Wir behalten uns das Recht vor, diese Datenschutzrichtlinie jederzeit zu aktualisieren oder zu \u00e4ndern. Alle \u00c4nderungen werden sofort nach Ver\u00f6ffentlichung der \u00fcberarbeiteten Datenschutzrichtlinie auf unserer Website wirksam.<\/p>\n<p><strong>8. Kontaktieren Sie uns<\/strong><\/p>\n<p>Wenn Sie Fragen, Bedenken oder W\u00fcnsche bez\u00fcglich dieser Datenschutzrichtlinie oder Ihren pers\u00f6nlichen Daten haben, kontaktieren Sie uns bitte.<\/p>\n<p>&nbsp;<\/p>\n<p>Vielen Dank f\u00fcr Ihren Besuch auf socalherpassn.com. Wir wissen Ihr Vertrauen zu sch\u00e4tzen und sind bestrebt, Ihre Privatsph\u00e4re zu sch\u00fctzen und Ihnen wertvolle Inhalte bereitzustellen.<\/p>","protected":false},"excerpt":{"rendered":"<p>At socalherpassn.com, we value your privacy and are committed to protecting your personal information. This&#8230;<\/p>","protected":false},"author":1,"featured_media":0,"parent":0,"menu_order":0,"comment_status":"closed","ping_status":"closed","template":"","meta":{"footnotes":""},"class_list":["post-42","page","type-page","status-publish","hentry"],"yoast_head":"<!-- This site is optimized with the Yoast SEO plugin v20.13 - https:\/\/yoast.com\/wordpress\/plugins\/seo\/ -->\n<title>Privacy - socalherpassn<\/title>\n<meta name=\"robots\" content=\"index, follow, max-snippet:-1, max-image-preview:large, max-video-preview:-1\" \/>\n<link rel=\"canonical\" href=\"https:\/\/socalherpassn.com\/de\/vertraulich\/\" \/>\n<meta property=\"og:locale\" content=\"de_DE\" \/>\n<meta property=\"og:type\" content=\"article\" \/>\n<meta property=\"og:title\" content=\"Privacy - socalherpassn\" \/>\n<meta property=\"og:description\" content=\"At socalherpassn.com, we value your privacy and are committed to protecting your personal information. This...\" \/>\n<meta property=\"og:url\" content=\"https:\/\/socalherpassn.com\/de\/vertraulich\/\" \/>\n<meta property=\"og:site_name\" content=\"socalherpassn\" \/>\n<meta property=\"article:modified_time\" content=\"2023-10-02T15:10:30+00:00\" \/>\n<meta name=\"twitter:card\" content=\"summary_large_image\" \/>\n<meta name=\"twitter:label1\" content=\"Gesch\u00e4tzte Lesezeit\" \/>\n\t<meta name=\"twitter:data1\" content=\"3\u00a0Minuten\" \/>\n<script type=\"application\/ld+json\" class=\"yoast-schema-graph\">{\"@context\":\"https:\/\/schema.org\",\"@graph\":[{\"@type\":\"WebPage\",\"@id\":\"https:\/\/socalherpassn.com\/konfidenczialnost\/\",\"url\":\"https:\/\/socalherpassn.com\/konfidenczialnost\/\",\"name\":\"Privacy - socalherpassn\",\"isPartOf\":{\"@id\":\"https:\/\/socalherpassn.com\/#website\"},\"datePublished\":\"2023-08-08T16:56:50+00:00\",\"dateModified\":\"2023-10-02T15:10:30+00:00\",\"breadcrumb\":{\"@id\":\"https:\/\/socalherpassn.com\/konfidenczialnost\/#breadcrumb\"},\"inLanguage\":\"de\",\"potentialAction\":[{\"@type\":\"ReadAction\",\"target\":[\"https:\/\/socalherpassn.com\/konfidenczialnost\/\"]}]},{\"@type\":\"BreadcrumbList\",\"@id\":\"https:\/\/socalherpassn.com\/konfidenczialnost\/#breadcrumb\",\"itemListElement\":[{\"@type\":\"ListItem\",\"position\":1,\"name\":\"\u0413\u043b\u0430\u0432\u043d\u0430\u044f \u0441\u0442\u0440\u0430\u043d\u0438\u0446\u0430\",\"item\":\"https:\/\/socalherpassn.com\/\"},{\"@type\":\"ListItem\",\"position\":2,\"name\":\"Privacy\"}]},{\"@type\":\"WebSite\",\"@id\":\"https:\/\/socalherpassn.com\/#website\",\"url\":\"https:\/\/socalherpassn.com\/\",\"name\":\"socalherpassn\",\"description\":\"socalherpassn\",\"publisher\":{\"@id\":\"https:\/\/socalherpassn.com\/#organization\"},\"potentialAction\":[{\"@type\":\"SearchAction\",\"target\":{\"@type\":\"EntryPoint\",\"urlTemplate\":\"https:\/\/socalherpassn.com\/?s={search_term_string}\"},\"query-input\":\"required name=search_term_string\"}],\"inLanguage\":\"de\"},{\"@type\":\"Organization\",\"@id\":\"https:\/\/socalherpassn.com\/#organization\",\"name\":\"socalherpassn\",\"url\":\"https:\/\/socalherpassn.com\/\",\"logo\":{\"@type\":\"ImageObject\",\"inLanguage\":\"de\",\"@id\":\"https:\/\/socalherpassn.com\/#\/schema\/logo\/image\/\",\"url\":\"https:\/\/socalherpassn.com\/wp-content\/uploads\/2023\/08\/logo-1.png\",\"contentUrl\":\"https:\/\/socalherpassn.com\/wp-content\/uploads\/2023\/08\/logo-1.png\",\"width\":220,\"height\":32,\"caption\":\"socalherpassn\"},\"image\":{\"@id\":\"https:\/\/socalherpassn.com\/#\/schema\/logo\/image\/\"}}]}<\/script>\n<!-- \/ Yoast SEO plugin. -->","yoast_head_json":{"title":"Privacy - socalherpassn","robots":{"index":"index","follow":"follow","max-snippet":"max-snippet:-1","max-image-preview":"max-image-preview:large","max-video-preview":"max-video-preview:-1"},"canonical":"https:\/\/socalherpassn.com\/de\/vertraulich\/","og_locale":"de_DE","og_type":"article","og_title":"Privacy - socalherpassn","og_description":"At socalherpassn.com, we value your privacy and are committed to protecting your personal information. This...","og_url":"https:\/\/socalherpassn.com\/de\/vertraulich\/","og_site_name":"socalherpassn","article_modified_time":"2023-10-02T15:10:30+00:00","twitter_card":"summary_large_image","twitter_misc":{"Gesch\u00e4tzte Lesezeit":"3\u00a0Minuten"},"schema":{"@context":"https:\/\/schema.org","@graph":[{"@type":"WebPage","@id":"https:\/\/socalherpassn.com\/konfidenczialnost\/","url":"https:\/\/socalherpassn.com\/konfidenczialnost\/","name":"Privacy - socalherpassn","isPartOf":{"@id":"https:\/\/socalherpassn.com\/#website"},"datePublished":"2023-08-08T16:56:50+00:00","dateModified":"2023-10-02T15:10:30+00:00","breadcrumb":{"@id":"https:\/\/socalherpassn.com\/konfidenczialnost\/#breadcrumb"},"inLanguage":"de","potentialAction":[{"@type":"ReadAction","target":["https:\/\/socalherpassn.com\/konfidenczialnost\/"]}]},{"@type":"BreadcrumbList","@id":"https:\/\/socalherpassn.com\/konfidenczialnost\/#breadcrumb","itemListElement":[{"@type":"ListItem","position":1,"name":"\u0413\u043b\u0430\u0432\u043d\u0430\u044f \u0441\u0442\u0440\u0430\u043d\u0438\u0446\u0430","item":"https:\/\/socalherpassn.com\/"},{"@type":"ListItem","position":2,"name":"Privacy"}]},{"@type":"WebSite","@id":"https:\/\/socalherpassn.com\/#website","url":"https:\/\/socalherpassn.com\/","name":"socalherpassn","description":"socalherpassn","publisher":{"@id":"https:\/\/socalherpassn.com\/#organization"},"potentialAction":[{"@type":"SearchAction","target":{"@type":"EntryPoint","urlTemplate":"https:\/\/socalherpassn.com\/?s={search_term_string}"},"query-input":"required name=search_term_string"}],"inLanguage":"de"},{"@type":"Organization","@id":"https:\/\/socalherpassn.com\/#organization","name":"socalherpassn","url":"https:\/\/socalherpassn.com\/","logo":{"@type":"ImageObject","inLanguage":"de","@id":"https:\/\/socalherpassn.com\/#\/schema\/logo\/image\/","url":"https:\/\/socalherpassn.com\/wp-content\/uploads\/2023\/08\/logo-1.png","contentUrl":"https:\/\/socalherpassn.com\/wp-content\/uploads\/2023\/08\/logo-1.png","width":220,"height":32,"caption":"socalherpassn"},"image":{"@id":"https:\/\/socalherpassn.com\/#\/schema\/logo\/image\/"}}]}},"_links":{"self":[{"href":"https:\/\/socalherpassn.com\/de\/wp-json\/wp\/v2\/pages\/42","targetHints":{"allow":["GET"]}}],"collection":[{"href":"https:\/\/socalherpassn.com\/de\/wp-json\/wp\/v2\/pages"}],"about":[{"href":"https:\/\/socalherpassn.com\/de\/wp-json\/wp\/v2\/types\/page"}],"author":[{"embeddable":true,"href":"https:\/\/socalherpassn.com\/de\/wp-json\/wp\/v2\/users\/1"}],"replies":[{"embeddable":true,"href":"https:\/\/socalherpassn.com\/de\/wp-json\/wp\/v2\/comments?post=42"}],"version-history":[{"count":3,"href":"https:\/\/socalherpassn.com\/de\/wp-json\/wp\/v2\/pages\/42\/revisions"}],"predecessor-version":[{"id":203,"href":"https:\/\/socalherpassn.com\/de\/wp-json\/wp\/v2\/pages\/42\/revisions\/203"}],"wp:attachment":[{"href":"https:\/\/socalherpassn.com\/de\/wp-json\/wp\/v2\/media?parent=42"}],"curies":[{"name":"wp","href":"https:\/\/api.w.org\/{rel}","templated":true}]}}