{"id":42,"date":"2023-08-08T16:56:50","date_gmt":"2023-08-08T16:56:50","guid":{"rendered":"https:\/\/defiscalisant.com\/?page_id=42"},"modified":"2023-10-02T15:10:30","modified_gmt":"2023-10-02T15:10:30","slug":"konfidenczialnost","status":"publish","type":"page","link":"https:\/\/socalherpassn.com\/cs\/duveryhodnost\/","title":{"rendered":"Soukrom\u00ed"},"content":{"rendered":"<p>Na socalherpassn.com si v\u00e1\u017e\u00edme va\u0161eho soukrom\u00ed a zavazujeme se chr\u00e1nit va\u0161e osobn\u00ed \u00fadaje. Tyto z\u00e1sady ochrany osobn\u00edch \u00fadaj\u016f jsou navr\u017eeny tak, aby v\u00e1m pomohly porozum\u011bt tomu, jak shroma\u017e\u010fujeme, pou\u017e\u00edv\u00e1me, zve\u0159ej\u0148ujeme a chr\u00e1n\u00edme va\u0161e \u00fadaje, kdy\u017e nav\u0161t\u00edv\u00edte na\u0161e webov\u00e9 str\u00e1nky. P\u0159\u00edstupem nebo pou\u017e\u00edv\u00e1n\u00edm socalherpassn.com souhlas\u00edte s postupy popsan\u00fdmi v t\u011bchto Z\u00e1sad\u00e1ch ochrany osobn\u00edch \u00fadaj\u016f.<\/p>\n<p>&nbsp;<\/p>\n<p>1. <strong>Asociace s Southern California Herpetology Association &amp; Rescue (SCHAR)<\/strong><\/p>\n<p>Socalherpassn.com by r\u00e1d objasnil, \u017ee i kdy\u017e se m\u016f\u017eeme spojit s Southern California Herpetology Association &amp; Rescue (SCHAR) prost\u0159ednictv\u00edm obsahu, zpr\u00e1v nebo zdroj\u016f souvisej\u00edc\u00edch s herpetologi\u00ed a ochranou plaz\u016f, nejsme p\u0159idru\u017eeni ke SCHAR ani je nezastupujeme v jakoukoli ofici\u00e1ln\u00ed funkci. Na\u0161\u00edm c\u00edlem je poskytnout platformu, kter\u00e1 sd\u00edl\u00ed informace o r\u016fzn\u00fdch t\u00e9matech, mimo jin\u00e9 v\u010detn\u011b videochat\u016f, streamov\u00e1n\u00ed pro dosp\u011bl\u00e9 a dal\u0161\u00edch souvisej\u00edc\u00edch t\u00e9mat.<\/p>\n<p><strong>2. Shroma\u017e\u010fov\u00e1n\u00ed informac\u00ed<\/strong><\/p>\n<p>Shroma\u017e\u010fujeme informace, kter\u00e9 n\u00e1m poskytnete p\u0159\u00edmo, kdy\u017e pou\u017e\u00edv\u00e1te na\u0161e webov\u00e9 str\u00e1nky. To m\u016f\u017ee zahrnovat informace, jako je va\u0161e jm\u00e9no, e-mailov\u00e1 adresa a jak\u00e9koli dal\u0161\u00ed informace, kter\u00e9 se rozhodnete poskytnout p\u0159i interakci s na\u0161imi str\u00e1nkami.<\/p>\n<p><strong>3. Pou\u017eit\u00ed informac\u00ed<\/strong><\/p>\n<p>\u00dadaje, kter\u00e9 shroma\u017e\u010fujeme, m\u016f\u017eeme pou\u017e\u00edt pro r\u016fzn\u00e9 \u00fa\u010dely, v\u010detn\u011b, ale nejen:<\/p>\n<ul>\n<li>Poskytov\u00e1n\u00ed, \u00fadr\u017eba a zlep\u0161ov\u00e1n\u00ed na\u0161ich webov\u00fdch str\u00e1nek a slu\u017eeb.<\/li>\n<li>Zas\u00edl\u00e1n\u00ed aktualizac\u00ed, newsletter\u016f nebo jin\u00e9 komunikace.<\/li>\n<li>Reagov\u00e1n\u00ed na va\u0161e po\u017eadavky, koment\u00e1\u0159e nebo dotazy.<\/li>\n<li>Sledov\u00e1n\u00ed a anal\u00fdza vzorc\u016f a trend\u016f pou\u017e\u00edv\u00e1n\u00ed.<\/li>\n<\/ul>\n<p><strong>4. Zp\u0159\u00edstupn\u011bn\u00ed informac\u00ed<\/strong><\/p>\n<p>Va\u0161e osobn\u00ed \u00fadaje neprod\u00e1v\u00e1me ani nepronaj\u00edm\u00e1me t\u0159et\u00edm stran\u00e1m. Va\u0161e \u00fadaje v\u0161ak m\u016f\u017eeme sd\u00edlet za n\u00e1sleduj\u00edc\u00edch okolnost\u00ed:<\/p>\n<ul>\n<li>S va\u0161\u00edm souhlasem.<\/li>\n<li>Pokud to vy\u017eaduje z\u00e1kon nebo na ochranu na\u0161ich pr\u00e1v, soukrom\u00ed, bezpe\u010dnosti nebo majetku.<\/li>\n<li>V souvislosti s prodejem, f\u00faz\u00ed nebo akvizic\u00ed cel\u00e9 nebo \u010d\u00e1sti na\u0161ich webov\u00fdch str\u00e1nek.<\/li>\n<\/ul>\n<p><strong>5. Pr\u00e1va k obsahu webov\u00fdch str\u00e1nek<\/strong><\/p>\n<p>Ve\u0161ker\u00fd obsah na socalherpassn.com je chr\u00e1n\u011bn autorsk\u00fdm pr\u00e1vem a z\u00e1kony o du\u0161evn\u00edm vlastnictv\u00ed. Pokud nen\u00ed uvedeno jinak, ve\u0161ker\u00fd obsah vlastn\u00ed socalherpassn.com nebo jeho tv\u016frci obsahu. Bez p\u0159edchoz\u00edho p\u00edsemn\u00e9ho souhlasu nesm\u00edte reprodukovat, distribuovat nebo upravovat \u017e\u00e1dn\u00fd obsah z na\u0161ich webov\u00fdch str\u00e1nek.<\/p>\n<p><strong>6. \u017d\u00e1dn\u00e9 n\u00e1roky v\u016f\u010di tv\u016frc\u016fm obsahu<\/strong><\/p>\n<p>I kdy\u017e se sna\u017e\u00edme poskytovat p\u0159esn\u00fd a spolehliv\u00fd obsah, n\u00e1zory a n\u00e1zory vyj\u00e1d\u0159en\u00e9 v bloz\u00edch, zpravodajsk\u00fdch \u010dl\u00e1nc\u00edch a dal\u0161\u00edch form\u00e1ch obsahu vytv\u00e1\u0159en\u00e9ho u\u017eivateli na na\u0161ich webov\u00fdch str\u00e1nk\u00e1ch jsou n\u00e1zory p\u0159\u00edslu\u0161n\u00fdch autor\u016f. Socalherpassn.com nepodporuje ani nenese \u017e\u00e1dn\u00e9 n\u00e1roky t\u00fdkaj\u00edc\u00ed se p\u0159esnosti nebo vhodnosti takov\u00e9ho obsahu. M\u00e1te-li obavy ohledn\u011b konkr\u00e9tn\u00edho obsahu, kontaktujte p\u0159\u00edmo tv\u016frce obsahu.<\/p>\n<p><strong>7. Zm\u011bny z\u00e1sad ochrany osobn\u00edch \u00fadaj\u016f<\/strong><\/p>\n<p>Vyhrazujeme si pr\u00e1vo tyto Z\u00e1sady ochrany osobn\u00edch \u00fadaj\u016f kdykoli aktualizovat nebo upravit. Jak\u00e9koli zm\u011bny vstoup\u00ed v platnost okam\u017eit\u011b po zve\u0159ejn\u011bn\u00ed revidovan\u00fdch Z\u00e1sad ochrany osobn\u00edch \u00fadaj\u016f na na\u0161ich webov\u00fdch str\u00e1nk\u00e1ch.<\/p>\n<p><strong>8. Kontaktujte n\u00e1s<\/strong><\/p>\n<p>M\u00e1te-li jak\u00e9koli dotazy, obavy nebo po\u017eadavky t\u00fdkaj\u00edc\u00ed se t\u011bchto Z\u00e1sad ochrany osobn\u00edch \u00fadaj\u016f nebo va\u0161ich osobn\u00edch \u00fadaj\u016f, kontaktujte n\u00e1s.<\/p>\n<p>&nbsp;<\/p>\n<p>D\u011bkujeme, \u017ee jste nav\u0161t\u00edvili socalherpassn.com. V\u00e1\u017e\u00edme si va\u0161\u00ed d\u016fv\u011bry v n\u00e1s a v\u011bnujeme se ochran\u011b va\u0161eho soukrom\u00ed a poskytov\u00e1n\u00ed cenn\u00e9ho obsahu.<\/p>","protected":false},"excerpt":{"rendered":"<p>At socalherpassn.com, we value your privacy and are committed to protecting your personal information. This&#8230;<\/p>","protected":false},"author":1,"featured_media":0,"parent":0,"menu_order":0,"comment_status":"closed","ping_status":"closed","template":"","meta":{"footnotes":""},"class_list":["post-42","page","type-page","status-publish","hentry"],"yoast_head":"<!-- This site is optimized with the Yoast SEO plugin v20.13 - https:\/\/yoast.com\/wordpress\/plugins\/seo\/ -->\n<title>Privacy - socalherpassn<\/title>\n<meta name=\"robots\" content=\"index, follow, max-snippet:-1, max-image-preview:large, max-video-preview:-1\" \/>\n<link rel=\"canonical\" href=\"https:\/\/socalherpassn.com\/cs\/duveryhodnost\/\" \/>\n<meta property=\"og:locale\" content=\"cs_CZ\" \/>\n<meta property=\"og:type\" content=\"article\" \/>\n<meta property=\"og:title\" content=\"Privacy - socalherpassn\" \/>\n<meta property=\"og:description\" content=\"At socalherpassn.com, we value your privacy and are committed to protecting your personal information. This...\" \/>\n<meta property=\"og:url\" content=\"https:\/\/socalherpassn.com\/cs\/duveryhodnost\/\" \/>\n<meta property=\"og:site_name\" content=\"socalherpassn\" \/>\n<meta property=\"article:modified_time\" content=\"2023-10-02T15:10:30+00:00\" \/>\n<meta name=\"twitter:card\" content=\"summary_large_image\" \/>\n<meta name=\"twitter:label1\" content=\"Odhadovan\u00e1 doba \u010dten\u00ed\" \/>\n\t<meta name=\"twitter:data1\" content=\"3 minuty\" \/>\n<script type=\"application\/ld+json\" class=\"yoast-schema-graph\">{\"@context\":\"https:\/\/schema.org\",\"@graph\":[{\"@type\":\"WebPage\",\"@id\":\"https:\/\/socalherpassn.com\/konfidenczialnost\/\",\"url\":\"https:\/\/socalherpassn.com\/konfidenczialnost\/\",\"name\":\"Privacy - socalherpassn\",\"isPartOf\":{\"@id\":\"https:\/\/socalherpassn.com\/#website\"},\"datePublished\":\"2023-08-08T16:56:50+00:00\",\"dateModified\":\"2023-10-02T15:10:30+00:00\",\"breadcrumb\":{\"@id\":\"https:\/\/socalherpassn.com\/konfidenczialnost\/#breadcrumb\"},\"inLanguage\":\"cs\",\"potentialAction\":[{\"@type\":\"ReadAction\",\"target\":[\"https:\/\/socalherpassn.com\/konfidenczialnost\/\"]}]},{\"@type\":\"BreadcrumbList\",\"@id\":\"https:\/\/socalherpassn.com\/konfidenczialnost\/#breadcrumb\",\"itemListElement\":[{\"@type\":\"ListItem\",\"position\":1,\"name\":\"\u0413\u043b\u0430\u0432\u043d\u0430\u044f \u0441\u0442\u0440\u0430\u043d\u0438\u0446\u0430\",\"item\":\"https:\/\/socalherpassn.com\/\"},{\"@type\":\"ListItem\",\"position\":2,\"name\":\"Privacy\"}]},{\"@type\":\"WebSite\",\"@id\":\"https:\/\/socalherpassn.com\/#website\",\"url\":\"https:\/\/socalherpassn.com\/\",\"name\":\"socalherpassn\",\"description\":\"socalherpassn\",\"publisher\":{\"@id\":\"https:\/\/socalherpassn.com\/#organization\"},\"potentialAction\":[{\"@type\":\"SearchAction\",\"target\":{\"@type\":\"EntryPoint\",\"urlTemplate\":\"https:\/\/socalherpassn.com\/?s={search_term_string}\"},\"query-input\":\"required name=search_term_string\"}],\"inLanguage\":\"cs\"},{\"@type\":\"Organization\",\"@id\":\"https:\/\/socalherpassn.com\/#organization\",\"name\":\"socalherpassn\",\"url\":\"https:\/\/socalherpassn.com\/\",\"logo\":{\"@type\":\"ImageObject\",\"inLanguage\":\"cs\",\"@id\":\"https:\/\/socalherpassn.com\/#\/schema\/logo\/image\/\",\"url\":\"https:\/\/socalherpassn.com\/wp-content\/uploads\/2023\/08\/logo-1.png\",\"contentUrl\":\"https:\/\/socalherpassn.com\/wp-content\/uploads\/2023\/08\/logo-1.png\",\"width\":220,\"height\":32,\"caption\":\"socalherpassn\"},\"image\":{\"@id\":\"https:\/\/socalherpassn.com\/#\/schema\/logo\/image\/\"}}]}<\/script>\n<!-- \/ Yoast SEO plugin. -->","yoast_head_json":{"title":"Privacy - socalherpassn","robots":{"index":"index","follow":"follow","max-snippet":"max-snippet:-1","max-image-preview":"max-image-preview:large","max-video-preview":"max-video-preview:-1"},"canonical":"https:\/\/socalherpassn.com\/cs\/duveryhodnost\/","og_locale":"cs_CZ","og_type":"article","og_title":"Privacy - socalherpassn","og_description":"At socalherpassn.com, we value your privacy and are committed to protecting your personal information. This...","og_url":"https:\/\/socalherpassn.com\/cs\/duveryhodnost\/","og_site_name":"socalherpassn","article_modified_time":"2023-10-02T15:10:30+00:00","twitter_card":"summary_large_image","twitter_misc":{"Odhadovan\u00e1 doba \u010dten\u00ed":"3 minuty"},"schema":{"@context":"https:\/\/schema.org","@graph":[{"@type":"WebPage","@id":"https:\/\/socalherpassn.com\/konfidenczialnost\/","url":"https:\/\/socalherpassn.com\/konfidenczialnost\/","name":"Privacy - socalherpassn","isPartOf":{"@id":"https:\/\/socalherpassn.com\/#website"},"datePublished":"2023-08-08T16:56:50+00:00","dateModified":"2023-10-02T15:10:30+00:00","breadcrumb":{"@id":"https:\/\/socalherpassn.com\/konfidenczialnost\/#breadcrumb"},"inLanguage":"cs","potentialAction":[{"@type":"ReadAction","target":["https:\/\/socalherpassn.com\/konfidenczialnost\/"]}]},{"@type":"BreadcrumbList","@id":"https:\/\/socalherpassn.com\/konfidenczialnost\/#breadcrumb","itemListElement":[{"@type":"ListItem","position":1,"name":"\u0413\u043b\u0430\u0432\u043d\u0430\u044f \u0441\u0442\u0440\u0430\u043d\u0438\u0446\u0430","item":"https:\/\/socalherpassn.com\/"},{"@type":"ListItem","position":2,"name":"Privacy"}]},{"@type":"WebSite","@id":"https:\/\/socalherpassn.com\/#website","url":"https:\/\/socalherpassn.com\/","name":"socalherpassn","description":"socalherpassn","publisher":{"@id":"https:\/\/socalherpassn.com\/#organization"},"potentialAction":[{"@type":"SearchAction","target":{"@type":"EntryPoint","urlTemplate":"https:\/\/socalherpassn.com\/?s={search_term_string}"},"query-input":"required name=search_term_string"}],"inLanguage":"cs"},{"@type":"Organization","@id":"https:\/\/socalherpassn.com\/#organization","name":"socalherpassn","url":"https:\/\/socalherpassn.com\/","logo":{"@type":"ImageObject","inLanguage":"cs","@id":"https:\/\/socalherpassn.com\/#\/schema\/logo\/image\/","url":"https:\/\/socalherpassn.com\/wp-content\/uploads\/2023\/08\/logo-1.png","contentUrl":"https:\/\/socalherpassn.com\/wp-content\/uploads\/2023\/08\/logo-1.png","width":220,"height":32,"caption":"socalherpassn"},"image":{"@id":"https:\/\/socalherpassn.com\/#\/schema\/logo\/image\/"}}]}},"_links":{"self":[{"href":"https:\/\/socalherpassn.com\/cs\/wp-json\/wp\/v2\/pages\/42","targetHints":{"allow":["GET"]}}],"collection":[{"href":"https:\/\/socalherpassn.com\/cs\/wp-json\/wp\/v2\/pages"}],"about":[{"href":"https:\/\/socalherpassn.com\/cs\/wp-json\/wp\/v2\/types\/page"}],"author":[{"embeddable":true,"href":"https:\/\/socalherpassn.com\/cs\/wp-json\/wp\/v2\/users\/1"}],"replies":[{"embeddable":true,"href":"https:\/\/socalherpassn.com\/cs\/wp-json\/wp\/v2\/comments?post=42"}],"version-history":[{"count":3,"href":"https:\/\/socalherpassn.com\/cs\/wp-json\/wp\/v2\/pages\/42\/revisions"}],"predecessor-version":[{"id":203,"href":"https:\/\/socalherpassn.com\/cs\/wp-json\/wp\/v2\/pages\/42\/revisions\/203"}],"wp:attachment":[{"href":"https:\/\/socalherpassn.com\/cs\/wp-json\/wp\/v2\/media?parent=42"}],"curies":[{"name":"wp","href":"https:\/\/api.w.org\/{rel}","templated":true}]}}